{"id":449,"date":"2025-05-07T13:49:12","date_gmt":"2025-05-07T11:49:12","guid":{"rendered":"https:\/\/vvtrap.com\/?page_id=449"},"modified":"2025-05-07T13:49:15","modified_gmt":"2025-05-07T11:49:15","slug":"conditions-generales-de-vente","status":"publish","type":"page","link":"https:\/\/vvtrap.com\/index.php\/conditions-generales-de-vente\/","title":{"rendered":"Conditions g\u00e9n\u00e9rales de vente"},"content":{"rendered":"\n<p>\u00e0 compter du 11\/04\/2023<\/p>\n\n\n\n<h2 class=\"wp-block-heading has-large-font-size\"><\/h2>\n\n\n\n<h2 class=\"wp-block-heading\"><strong>Clause n\u00b0 1 : Objet et champ d&#8217;application<\/strong><\/h2>\n\n\n\n<p class=\"has-large-font-size\">Les pr\u00e9sentes conditions g\u00e9n\u00e9rales de vente (CGV) constituent le socle de la n\u00e9gociation commerciale et sont syst\u00e9matiquement adress\u00e9es ou remises \u00e0 chaque acheteur pour lui permettre de passer commande.<br>Les conditions g\u00e9n\u00e9rales de vente d\u00e9crites ci-apr\u00e8s d\u00e9taillent les droits et obligations de la soci\u00e9t\u00e9 FURGO et de son client dans le cadre de la vente de tous les produits vendus sous la marque VVTrap\u00ae sur les sites\u00a0<a href=\"https:\/\/web.archive.org\/web\/20240921030916\/http:\/\/www.vvtrap.com\/\">www.vvtrap.com<\/a>\u00a0ou\u00a0<a href=\"https:\/\/web.archive.org\/web\/20240921030916\/http:\/\/www.vvtrap.fr\/\">www.vvtrap.fr<\/a>\u00a0. Toute commande de ces produits implique n\u00e9cessairement de la part du client l\u2019acceptation sans r\u00e9serve et l\u2019enti\u00e8re adh\u00e9sion aux Conditions G\u00e9n\u00e9rales de Vente en vigueur au jour de la commande.<br>FURGO se r\u00e9serve le droit de modifier \u00e0 tout moment les pr\u00e9sentes Conditions G\u00e9n\u00e9rales de Vente. Les renseignements figurant sur le site Web, prospectus et tarifs des produits VVTrap n\u2019ont qu\u2019une valeur indicative et non contractuelle. FURGO se r\u00e9serve le droit d\u2019y apporter toutes modifications qui lui para\u00eetront utiles.<\/p>\n\n\n\n<h2 class=\"wp-block-heading\">Clause n\u00b0 2 : Prix<\/h2>\n\n\n\n<p>Les prix des marchandises vendues sont ceux en vigueur au jour de la prise de commande. Ils sont libell\u00e9s en euros et soumis \u00e0 la Taxe sur la Valeur Ajout\u00e9e.<br>La soci\u00e9t\u00e9 FURGO s\u2019accorde le droit de modifier ses tarifs \u00e0 tout moment. Toutefois, elle s\u2019engage \u00e0 facturer les marchandises command\u00e9es aux prix indiqu\u00e9s lors de l\u2019enregistrement de la commande.<\/p>\n\n\n\n<h2 class=\"wp-block-heading\">Clause n\u00b0 3 : Modalit\u00e9s de paiement<\/h2>\n\n\n\n<p>Le r\u00e8glement des commandes s\u2019effectue :<\/p>\n\n\n\n<ul class=\"wp-block-list\">\n<li>par carte bancaire en ligne,<\/li>\n\n\n\n<li>par virement bancaire,<\/li>\n\n\n\n<li>ou au travers d\u2019un interm\u00e9diaire de paiement (ci-d\u00e9sign\u00e9 Paypal).<\/li>\n<\/ul>\n\n\n\n<p>Toutes autres conditions de paiement doivent faire l\u2019objet d\u2019un accord pr\u00e9alable et peuvent entra\u00eener des frais suppl\u00e9mentaires. Les r\u00e8glements seront effectu\u00e9s aux conditions suivantes :<\/p>\n\n\n\n<ul class=\"wp-block-list\">\n<li>Paiement \u00e0 la commande<\/li>\n\n\n\n<li>Paiement \u00e0 30 jours suivant la date de facturation.<\/li>\n<\/ul>\n\n\n\n<p>Aucun escompte ne sera consenti en cas de paiement anticip\u00e9.<\/p>\n\n\n\n<h2 class=\"wp-block-heading\">Clause n\u00b0 4 : Retard de paiement<\/h2>\n\n\n\n<p>En cas de d\u00e9faut de paiement total ou partiel des marchandises livr\u00e9es \u00e0 l\u2019\u00e9ch\u00e9ance, l\u2019acheteur doit verser \u00e0 la soci\u00e9t\u00e9 FURGO une p\u00e9nalit\u00e9 de retard \u00e9gale \u00e0 trois fois le taux de l\u2019int\u00e9r\u00eat l\u00e9gal.Le taux de l\u2019int\u00e9r\u00eat l\u00e9gal retenu est celui en vigueur au jour de la livraison des marchandises.A compter du 1er janvier 2015, le taux d\u2019int\u00e9r\u00eat l\u00e9gal sera r\u00e9vis\u00e9 tous les 6 mois&nbsp;(Ordonnance n\u00b02014-947 du 20 ao\u00fbt 2014).Cette p\u00e9nalit\u00e9 est calcul\u00e9e sur le montant TTC de la somme restant due, et court \u00e0 compter de la date d\u2019\u00e9ch\u00e9ance du prix sans qu\u2019aucune mise en demeure pr\u00e9alable ne soit n\u00e9cessaire. En sus des indemnit\u00e9s de retard, toute somme, y compris l\u2019acompte, non pay\u00e9e \u00e0 sa date d\u2019exigibilit\u00e9 produira de plein droit le paiement d\u2019une indemnit\u00e9 forfaitaire de 40 euros due au titre des frais de recouvrement (Articles 441-10 et D. 441-5 du code de commerce).<\/p>\n\n\n\n<h2 class=\"wp-block-heading\">Clause n\u00b0 5 : Clause r\u00e9solutoire<\/h2>\n\n\n\n<p>Si dans les quinze jours qui suivent la mise en \u0153uvre de la clause \u201cRetard de paiement\u201d, l\u2019acheteur ne s\u2019est pas acquitt\u00e9 des sommes restant dues, la vente sera r\u00e9solue de plein droit et pourra ouvrir droit \u00e0 l\u2019allocation de dommages et int\u00e9r\u00eats au profit de la soci\u00e9t\u00e9 FURGO.<\/p>\n\n\n\n<h2 class=\"wp-block-heading\">Clause n\u00b0 6 : R\u00e9serve de propri\u00e9t\u00e9<\/h2>\n\n\n\n<p>La soci\u00e9t\u00e9 FURGO conserve la propri\u00e9t\u00e9 des biens vendus jusqu\u2019au paiement int\u00e9gral du prix, en principal et en accessoires. \u00c0 ce titre, si l\u2019acheteur fait l\u2019objet d\u2019un redressement ou d\u2019une liquidation judiciaire, la soci\u00e9t\u00e9 FURGO se r\u00e9serve le droit de revendiquer, dans le cadre de la proc\u00e9dure collective, les marchandises vendues et rest\u00e9es impay\u00e9es.<\/p>\n\n\n\n<h2 class=\"wp-block-heading\">Clause n\u00b0 7 : Livraison<\/h2>\n\n\n\n<p>La livraison est effectu\u00e9e :<\/p>\n\n\n\n<ul class=\"wp-block-list\">\n<li>soit par la remise directe de la marchandise \u00e0 l\u2019acheteur ;<\/li>\n\n\n\n<li>soit par l\u2019envoi d\u2019un avis de mise \u00e0 disposition \u00e0 l\u2019attention de l\u2019acheteur ;<\/li>\n\n\n\n<li>soit par le d\u00e9p\u00f4t de la marchandise\u00a0au lieu indiqu\u00e9 par l\u2019acheteur sur le bon de commande.<\/li>\n<\/ul>\n\n\n\n<p>Le d\u00e9lai de livraison indiqu\u00e9 lors de l\u2019enregistrement de la commande n\u2019est donn\u00e9 qu\u2019\u00e0 titre indicatif et n\u2019est aucunement garanti.<br>Par voie de cons\u00e9quence, tout retard raisonnable dans la livraison des produits ne pourra pas donner lieu au profit de l\u2019acheteur \u00e0 :<\/p>\n\n\n\n<ul class=\"wp-block-list\">\n<li>l\u2019allocation de dommages et int\u00e9r\u00eats ;<\/li>\n\n\n\n<li>l\u2019annulation de la commande.<\/li>\n<\/ul>\n\n\n\n<p>Le risque du transport est support\u00e9 en totalit\u00e9 par l\u2019acheteur.<br>En cas de marchandises manquantes ou d\u00e9t\u00e9rior\u00e9es lors du transport, l\u2019acheteur devra formuler toutes les r\u00e9serves n\u00e9cessaires sur le bon de commande \u00e0 r\u00e9ception desdites marchandises. Ces r\u00e9serves devront \u00eatre, en outre, confirm\u00e9es par \u00e9crit dans les cinq jours suivant la livraison, par courrier recommand\u00e9 AR adress\u00e9 \u00e0 la soci\u00e9t\u00e9.<\/p>\n\n\n\n<h2 class=\"wp-block-heading\">Clause n\u00b0 8 : Force majeure<\/h2>\n\n\n\n<p>La responsabilit\u00e9 de la soci\u00e9t\u00e9 FURGO ne pourra pas \u00eatre mise en \u0153uvre si la non-ex\u00e9cution ou le retard dans l\u2019ex\u00e9cution de l\u2019une de ses obligations d\u00e9crites dans les pr\u00e9sentes conditions g\u00e9n\u00e9rales de vente d\u00e9coule d\u2019un cas de force majeure. \u00c0 ce titre, la force majeure s\u2019entend de tout \u00e9v\u00e9nement ext\u00e9rieur, impr\u00e9visible et irr\u00e9sistible au sens de l\u2019article 1148 du Code civil.<\/p>\n\n\n\n<h2 class=\"wp-block-heading\">Clause n\u00b0 9 : Garantie<\/h2>\n\n\n\n<p>La garantie exclut toute utilisation anormale des produits, toute d\u00e9t\u00e9rioration provenant d\u2019accident, d\u2019\u00e9v\u00e9nements ext\u00e9rieurs, de n\u00e9gligence, de d\u00e9faut de surveillance ou d\u2019entretien. L\u2019acheteur sera seul responsable des cons\u00e9quences pouvant r\u00e9sulter de l\u2019utilisation des marchandises vendues, que celles-ci soient utilis\u00e9es seules ou conjointement avec d\u2019autres (personnes non form\u00e9es).<\/p>\n\n\n\n<p>L\u2019efficacit\u00e9 et les instructions pour l\u2019utilisation des marchandises vendues ne constituent que des indications dans le cas d\u2019une utilisation normale de ces produits et n\u2019engagent en aucun cas la responsabilit\u00e9 de la soci\u00e9t\u00e9 FURGO.<\/p>\n\n\n\n<h2 class=\"wp-block-heading\">Clause n\u00b0 10 : SAV<\/h2>\n\n\n\n<p>Nos services sont \u00e0 votre disposition par email \u00e0 l\u2019adresse contact@furgo.fr pour toute demande de service apr\u00e8s-vente. Le retour de votre produit s\u2019effectuera \u00e0 vos frais par les services La Poste, Mondial Relay, Shop2shop, ou tout autre transporteur en accord avec la soci\u00e9t\u00e9 FURGO. Le produit devra nous \u00eatre retourn\u00e9 complet, dans son emballage d\u2019origine avec une copie de la facture et le descriptif du probl\u00e8me rencontr\u00e9 le plus pr\u00e9cis possible.<\/p>\n\n\n\n<h2 class=\"wp-block-heading\">Clause n\u00b0 11 : Droit de r\u00e9tractation \u2013 Retour et Remboursement<\/h2>\n\n\n\n<p>Conform\u00e9ment \u00e0 la loi (article L121-20-12), un d\u00e9lai de r\u00e9tractation peut \u00eatre demand\u00e9 durant 14 jours \u00e0 compter de la date de r\u00e9ception (tampon de la poste ou bon \u00e9marg\u00e9 du transporteur faisant foi). Vous pouvez contacter notre service client par email \u00e0&nbsp;<a href=\"https:\/\/web.archive.org\/web\/20240921030916\/mailto:contact@furgo.fr\">contact@furgo.fr<\/a>&nbsp;en mentionnant \u00ab&nbsp;RETRACTATION + n\u00b0 de Commande&nbsp;\u00bb dans l\u2019objet du mail. Vous avez ensuite 14 jours pour nous retourner les produits concern\u00e9s \u00e0 l\u2019adresse suivante :<\/p>\n\n\n\n<p>FURGO<br>4 rue basse, Soumartre<br>34600 Faug\u00e8res<\/p>\n\n\n\n<p>Les conditions de retours sont les suivantes&nbsp;:<\/p>\n\n\n\n<ul class=\"wp-block-list\">\n<li>Mat\u00e9riel neuf, dans son emballage d\u2019origine,<\/li>\n\n\n\n<li>En \u00e9tat, propre et non endommag\u00e9,<\/li>\n\n\n\n<li>Accord pr\u00e9alable de la soci\u00e9t\u00e9 FURGO pour le retour.<\/li>\n<\/ul>\n\n\n\n<p>En cas d\u2019exercice du droit de r\u00e9tractation dans le d\u00e9lai susvis\u00e9, seul le prix du ou des produits achet\u00e9s puis retourn\u00e9s seront rembours\u00e9s. Les frais de port ne seront pas rembours\u00e9s. Les frais de retour restent \u00e0 la charge du client. Le remboursement sera effectu\u00e9 sous 14 jours, \u00e0 compter de la date \u00e0 laquelle FURGO a r\u00e9ceptionn\u00e9 la marchandise et valid\u00e9 sa conformit\u00e9.<\/p>\n\n\n\n<h2 class=\"wp-block-heading\">Clause n\u00b0 12 : Protection des donn\u00e9es personnelles<\/h2>\n\n\n\n<p>FURGO respecte le R\u00e8glement G\u00e9n\u00e9ral sur la Protection des Donn\u00e9es (RGPD) et s\u2019engage \u00e0 prot\u00e9ger les donn\u00e9es personnelles de ses clients. Les donn\u00e9es collect\u00e9es sont utilis\u00e9es uniquement dans le cadre de la relation commerciale avec l\u2019acheteur. Les donn\u00e9es personnelles collect\u00e9es peuvent inclure le nom, l\u2019adresse, l\u2019adresse \u00e9lectronique, le num\u00e9ro de t\u00e9l\u00e9phone, le num\u00e9ro de carte bancaire et d\u2019autres informations n\u00e9cessaires au traitement de la commande. Ces donn\u00e9es sont stock\u00e9es de mani\u00e8re s\u00e9curis\u00e9e et ne sont pas communiqu\u00e9es \u00e0 des tiers, sauf si cela est n\u00e9cessaire pour le traitement de la commande (par exemple, pour la livraison des produits ou pour le traitement des paiements). Conform\u00e9ment au RGPD, l\u2019acheteur dispose d\u2019un droit d\u2019acc\u00e8s, de rectification, d\u2019opposition et de suppression des donn\u00e9es personnelles le concernant. Pour exercer ces droits, l\u2019acheteur peut contacter FURGO \u00e0 l\u2019adresse email contact@furgo.fr<\/p>\n\n\n\n<h2 class=\"wp-block-heading\">Clause n\u00b0 13 : Tribunal comp\u00e9tent<\/h2>\n\n\n\n<p>Toutes contestations relatives \u00e0 un contrat de vente, aux pr\u00e9sentes conditions g\u00e9n\u00e9rales ou aux conditions particuli\u00e8res, est soumis au droit fran\u00e7ais. \u00c0 d\u00e9faut de r\u00e9solution amiable, le litige sera port\u00e9 devant le Tribunal de commerce de B\u00e9ziers.<\/p>\n","protected":false},"excerpt":{"rendered":"<p>\u00e0 compter du 11\/04\/2023 Clause n\u00b0 1 : Objet et champ d&#8217;application Les pr\u00e9sentes conditions g\u00e9n\u00e9rales de vente (CGV) constituent le socle de la n\u00e9gociation commerciale et sont syst\u00e9matiquement adress\u00e9es [&hellip;]<\/p>\n","protected":false},"author":1,"featured_media":0,"parent":0,"menu_order":0,"comment_status":"closed","ping_status":"closed","template":"","meta":{"footnotes":""},"class_list":["post-449","page","type-page","status-publish","hentry"],"yoast_head":"<!-- This site is optimized with the Yoast SEO plugin v27.4 - https:\/\/yoast.com\/product\/yoast-seo-wordpress\/ -->\n<title>Conditions g\u00e9n\u00e9rales de vente - VVTrap<\/title>\n<meta name=\"robots\" content=\"index, follow, max-snippet:-1, max-image-preview:large, max-video-preview:-1\" \/>\n<link rel=\"canonical\" href=\"https:\/\/vvtrap.com\/index.php\/conditions-generales-de-vente\/\" \/>\n<meta property=\"og:locale\" content=\"fr_FR\" \/>\n<meta property=\"og:type\" content=\"article\" \/>\n<meta property=\"og:title\" content=\"Conditions g\u00e9n\u00e9rales de vente - VVTrap\" \/>\n<meta property=\"og:description\" content=\"\u00e0 compter du 11\/04\/2023 Clause n\u00b0 1 : Objet et champ d&#8217;application Les pr\u00e9sentes conditions g\u00e9n\u00e9rales de vente (CGV) constituent le socle de la n\u00e9gociation commerciale et sont syst\u00e9matiquement adress\u00e9es [&hellip;]\" \/>\n<meta property=\"og:url\" content=\"https:\/\/vvtrap.com\/index.php\/conditions-generales-de-vente\/\" \/>\n<meta property=\"og:site_name\" content=\"VVTrap\" \/>\n<meta property=\"article:publisher\" content=\"https:\/\/www.facebook.com\/profile.php?id=100088576457929\" \/>\n<meta property=\"article:modified_time\" content=\"2025-05-07T11:49:15+00:00\" \/>\n<meta name=\"twitter:card\" content=\"summary_large_image\" \/>\n<meta name=\"twitter:label1\" content=\"Dur\u00e9e de lecture estim\u00e9e\" \/>\n\t<meta name=\"twitter:data1\" content=\"7 minutes\" \/>\n<script type=\"application\/ld+json\" class=\"yoast-schema-graph\">{\"@context\":\"https:\\\/\\\/schema.org\",\"@graph\":[{\"@type\":\"WebPage\",\"@id\":\"https:\\\/\\\/vvtrap.com\\\/index.php\\\/conditions-generales-de-vente\\\/\",\"url\":\"https:\\\/\\\/vvtrap.com\\\/index.php\\\/conditions-generales-de-vente\\\/\",\"name\":\"Conditions g\u00e9n\u00e9rales de vente - VVTrap\",\"isPartOf\":{\"@id\":\"https:\\\/\\\/vvtrap.com\\\/#website\"},\"datePublished\":\"2025-05-07T11:49:12+00:00\",\"dateModified\":\"2025-05-07T11:49:15+00:00\",\"breadcrumb\":{\"@id\":\"https:\\\/\\\/vvtrap.com\\\/index.php\\\/conditions-generales-de-vente\\\/#breadcrumb\"},\"inLanguage\":\"fr-FR\",\"potentialAction\":[{\"@type\":\"ReadAction\",\"target\":[\"https:\\\/\\\/vvtrap.com\\\/index.php\\\/conditions-generales-de-vente\\\/\"]}]},{\"@type\":\"BreadcrumbList\",\"@id\":\"https:\\\/\\\/vvtrap.com\\\/index.php\\\/conditions-generales-de-vente\\\/#breadcrumb\",\"itemListElement\":[{\"@type\":\"ListItem\",\"position\":1,\"name\":\"Accueil\",\"item\":\"https:\\\/\\\/vvtrap.com\\\/\"},{\"@type\":\"ListItem\",\"position\":2,\"name\":\"Conditions g\u00e9n\u00e9rales de vente\"}]},{\"@type\":\"WebSite\",\"@id\":\"https:\\\/\\\/vvtrap.com\\\/#website\",\"url\":\"https:\\\/\\\/vvtrap.com\\\/\",\"name\":\"VVTrap\",\"description\":\"pi\u00e8ges \u00e0 frelons s\u00e9lectifs\",\"publisher\":{\"@id\":\"https:\\\/\\\/vvtrap.com\\\/#organization\"},\"potentialAction\":[{\"@type\":\"SearchAction\",\"target\":{\"@type\":\"EntryPoint\",\"urlTemplate\":\"https:\\\/\\\/vvtrap.com\\\/?s={search_term_string}\"},\"query-input\":{\"@type\":\"PropertyValueSpecification\",\"valueRequired\":true,\"valueName\":\"search_term_string\"}}],\"inLanguage\":\"fr-FR\"},{\"@type\":\"Organization\",\"@id\":\"https:\\\/\\\/vvtrap.com\\\/#organization\",\"name\":\"VVTrap\",\"url\":\"https:\\\/\\\/vvtrap.com\\\/\",\"logo\":{\"@type\":\"ImageObject\",\"inLanguage\":\"fr-FR\",\"@id\":\"https:\\\/\\\/vvtrap.com\\\/#\\\/schema\\\/logo\\\/image\\\/\",\"url\":\"https:\\\/\\\/vvtrap.com\\\/wp-content\\\/uploads\\\/2025\\\/05\\\/LogoFull-scaled.png\",\"contentUrl\":\"https:\\\/\\\/vvtrap.com\\\/wp-content\\\/uploads\\\/2025\\\/05\\\/LogoFull-scaled.png\",\"width\":2560,\"height\":864,\"caption\":\"VVTrap\"},\"image\":{\"@id\":\"https:\\\/\\\/vvtrap.com\\\/#\\\/schema\\\/logo\\\/image\\\/\"},\"sameAs\":[\"https:\\\/\\\/www.facebook.com\\\/profile.php?id=100088576457929\",\"https:\\\/\\\/www.instagram.com\\\/vvtrap\\\/\"]}]}<\/script>\n<!-- \/ Yoast SEO plugin. -->","yoast_head_json":{"title":"Conditions g\u00e9n\u00e9rales de vente - VVTrap","robots":{"index":"index","follow":"follow","max-snippet":"max-snippet:-1","max-image-preview":"max-image-preview:large","max-video-preview":"max-video-preview:-1"},"canonical":"https:\/\/vvtrap.com\/index.php\/conditions-generales-de-vente\/","og_locale":"fr_FR","og_type":"article","og_title":"Conditions g\u00e9n\u00e9rales de vente - VVTrap","og_description":"\u00e0 compter du 11\/04\/2023 Clause n\u00b0 1 : Objet et champ d&#8217;application Les pr\u00e9sentes conditions g\u00e9n\u00e9rales de vente (CGV) constituent le socle de la n\u00e9gociation commerciale et sont syst\u00e9matiquement adress\u00e9es [&hellip;]","og_url":"https:\/\/vvtrap.com\/index.php\/conditions-generales-de-vente\/","og_site_name":"VVTrap","article_publisher":"https:\/\/www.facebook.com\/profile.php?id=100088576457929","article_modified_time":"2025-05-07T11:49:15+00:00","twitter_card":"summary_large_image","twitter_misc":{"Dur\u00e9e de lecture estim\u00e9e":"7 minutes"},"schema":{"@context":"https:\/\/schema.org","@graph":[{"@type":"WebPage","@id":"https:\/\/vvtrap.com\/index.php\/conditions-generales-de-vente\/","url":"https:\/\/vvtrap.com\/index.php\/conditions-generales-de-vente\/","name":"Conditions g\u00e9n\u00e9rales de vente - VVTrap","isPartOf":{"@id":"https:\/\/vvtrap.com\/#website"},"datePublished":"2025-05-07T11:49:12+00:00","dateModified":"2025-05-07T11:49:15+00:00","breadcrumb":{"@id":"https:\/\/vvtrap.com\/index.php\/conditions-generales-de-vente\/#breadcrumb"},"inLanguage":"fr-FR","potentialAction":[{"@type":"ReadAction","target":["https:\/\/vvtrap.com\/index.php\/conditions-generales-de-vente\/"]}]},{"@type":"BreadcrumbList","@id":"https:\/\/vvtrap.com\/index.php\/conditions-generales-de-vente\/#breadcrumb","itemListElement":[{"@type":"ListItem","position":1,"name":"Accueil","item":"https:\/\/vvtrap.com\/"},{"@type":"ListItem","position":2,"name":"Conditions g\u00e9n\u00e9rales de vente"}]},{"@type":"WebSite","@id":"https:\/\/vvtrap.com\/#website","url":"https:\/\/vvtrap.com\/","name":"VVTrap","description":"pi\u00e8ges \u00e0 frelons s\u00e9lectifs","publisher":{"@id":"https:\/\/vvtrap.com\/#organization"},"potentialAction":[{"@type":"SearchAction","target":{"@type":"EntryPoint","urlTemplate":"https:\/\/vvtrap.com\/?s={search_term_string}"},"query-input":{"@type":"PropertyValueSpecification","valueRequired":true,"valueName":"search_term_string"}}],"inLanguage":"fr-FR"},{"@type":"Organization","@id":"https:\/\/vvtrap.com\/#organization","name":"VVTrap","url":"https:\/\/vvtrap.com\/","logo":{"@type":"ImageObject","inLanguage":"fr-FR","@id":"https:\/\/vvtrap.com\/#\/schema\/logo\/image\/","url":"https:\/\/vvtrap.com\/wp-content\/uploads\/2025\/05\/LogoFull-scaled.png","contentUrl":"https:\/\/vvtrap.com\/wp-content\/uploads\/2025\/05\/LogoFull-scaled.png","width":2560,"height":864,"caption":"VVTrap"},"image":{"@id":"https:\/\/vvtrap.com\/#\/schema\/logo\/image\/"},"sameAs":["https:\/\/www.facebook.com\/profile.php?id=100088576457929","https:\/\/www.instagram.com\/vvtrap\/"]}]}},"jetpack_sharing_enabled":true,"_links":{"self":[{"href":"https:\/\/vvtrap.com\/index.php\/wp-json\/wp\/v2\/pages\/449","targetHints":{"allow":["GET"]}}],"collection":[{"href":"https:\/\/vvtrap.com\/index.php\/wp-json\/wp\/v2\/pages"}],"about":[{"href":"https:\/\/vvtrap.com\/index.php\/wp-json\/wp\/v2\/types\/page"}],"author":[{"embeddable":true,"href":"https:\/\/vvtrap.com\/index.php\/wp-json\/wp\/v2\/users\/1"}],"replies":[{"embeddable":true,"href":"https:\/\/vvtrap.com\/index.php\/wp-json\/wp\/v2\/comments?post=449"}],"version-history":[{"count":1,"href":"https:\/\/vvtrap.com\/index.php\/wp-json\/wp\/v2\/pages\/449\/revisions"}],"predecessor-version":[{"id":450,"href":"https:\/\/vvtrap.com\/index.php\/wp-json\/wp\/v2\/pages\/449\/revisions\/450"}],"wp:attachment":[{"href":"https:\/\/vvtrap.com\/index.php\/wp-json\/wp\/v2\/media?parent=449"}],"curies":[{"name":"wp","href":"https:\/\/api.w.org\/{rel}","templated":true}]}}