{"id":395,"date":"2022-10-19T13:58:34","date_gmt":"2022-10-19T13:58:34","guid":{"rendered":"https:\/\/demo.athemes.com\/botiga-beauty-el\/?page_id=393"},"modified":"2025-05-07T16:45:12","modified_gmt":"2025-05-07T14:45:12","slug":"contact-us","status":"publish","type":"page","link":"https:\/\/vvtrap.com\/index.php\/contact-us\/","title":{"rendered":"Contact Us"},"content":{"rendered":"\t\t<div data-elementor-type=\"wp-page\" data-elementor-id=\"395\" class=\"elementor elementor-395\">\n\t\t\t\t\t\t<section class=\"elementor-section elementor-top-section elementor-element elementor-element-c275639 elementor-section-boxed elementor-section-height-default elementor-section-height-default\" data-id=\"c275639\" data-element_type=\"section\" data-e-type=\"section\">\n\t\t\t\t\t\t<div class=\"elementor-container elementor-column-gap-default\">\n\t\t\t\t\t<div class=\"elementor-column elementor-col-100 elementor-top-column elementor-element elementor-element-0d095d2\" data-id=\"0d095d2\" data-element_type=\"column\" data-e-type=\"column\">\n\t\t\t<div class=\"elementor-widget-wrap elementor-element-populated\">\n\t\t\t\t\t\t<div class=\"elementor-element elementor-element-55a89d3 elementor-invisible elementor-widget elementor-widget-heading\" data-id=\"55a89d3\" data-element_type=\"widget\" data-e-type=\"widget\" data-settings=\"{&quot;_animation&quot;:&quot;fadeInUpShorter&quot;,&quot;_animation_delay&quot;:200}\" data-widget_type=\"heading.default\">\n\t\t\t\t<div class=\"elementor-widget-container\">\n\t\t\t\t\t<h2 class=\"elementor-heading-title elementor-size-default\">Contactez-nous<\/h2>\t\t\t\t<\/div>\n\t\t\t\t<\/div>\n\t\t\t\t\t<\/div>\n\t\t<\/div>\n\t\t\t\t\t<\/div>\n\t\t<\/section>\n\t\t\t\t<section class=\"elementor-section elementor-top-section elementor-element elementor-element-6c09bab elementor-section-boxed elementor-section-height-default elementor-section-height-default elementor-invisible\" data-id=\"6c09bab\" data-element_type=\"section\" data-e-type=\"section\" data-settings=\"{&quot;animation&quot;:&quot;fadeInUpShorter&quot;,&quot;animation_delay&quot;:400}\">\n\t\t\t\t\t\t<div class=\"elementor-container elementor-column-gap-default\">\n\t\t\t\t\t<div class=\"elementor-column elementor-col-100 elementor-top-column elementor-element elementor-element-801eab6\" data-id=\"801eab6\" data-element_type=\"column\" data-e-type=\"column\">\n\t\t\t<div class=\"elementor-widget-wrap\">\n\t\t\t\t\t\t\t<\/div>\n\t\t<\/div>\n\t\t\t\t\t<\/div>\n\t\t<\/section>\n\t\t\t\t<section class=\"elementor-section elementor-top-section elementor-element elementor-element-963138c elementor-section-boxed elementor-section-height-default elementor-section-height-default elementor-invisible\" data-id=\"963138c\" data-element_type=\"section\" data-e-type=\"section\" data-settings=\"{&quot;animation&quot;:&quot;fadeInUpShorter&quot;,&quot;animation_delay&quot;:600}\">\n\t\t\t\t\t\t<div class=\"elementor-container elementor-column-gap-default\">\n\t\t\t\t\t<div class=\"elementor-column elementor-col-50 elementor-top-column elementor-element elementor-element-d2566ee\" data-id=\"d2566ee\" data-element_type=\"column\" data-e-type=\"column\">\n\t\t\t<div class=\"elementor-widget-wrap elementor-element-populated\">\n\t\t\t\t\t\t<div class=\"elementor-element elementor-element-622e931 elementor-widget elementor-widget-heading\" data-id=\"622e931\" data-element_type=\"widget\" data-e-type=\"widget\" data-widget_type=\"heading.default\">\n\t\t\t\t<div class=\"elementor-widget-container\">\n\t\t\t\t\t<h2 class=\"elementor-heading-title elementor-size-default\">Contactez-nous<\/h2>\t\t\t\t<\/div>\n\t\t\t\t<\/div>\n\t\t\t\t<div class=\"elementor-element elementor-element-596537d elementor-widget elementor-widget-wpforms\" data-id=\"596537d\" data-element_type=\"widget\" data-e-type=\"widget\" data-widget_type=\"wpforms.default\">\n\t\t\t\t<div class=\"elementor-widget-container\">\n\t\t\t\t\t<div class=\"wpforms-container wpforms-container-full\" id=\"wpforms-438\"><form id=\"wpforms-form-438\" class=\"wpforms-validate wpforms-form wpforms-ajax-form\" data-formid=\"438\" method=\"post\" enctype=\"multipart\/form-data\" action=\"\/index.php\/wp-json\/wp\/v2\/pages\/395\" data-token=\"9db107efd3b403ad77e73bffca3e1a99\" data-token-time=\"1776309090\"><noscript class=\"wpforms-error-noscript\">Veuillez activer JavaScript dans votre navigateur pour remplir ce formulaire.<\/noscript><div class=\"wpforms-field-container\"><div id=\"wpforms-438-field_0-container\" class=\"wpforms-field wpforms-field-name wpforms-one-half wpforms-first\" data-field-id=\"0\"><label class=\"wpforms-field-label\" for=\"wpforms-438-field_0\">Nom <span class=\"wpforms-required-label\">*<\/span><\/label><input type=\"text\" id=\"wpforms-438-field_0\" class=\"wpforms-field-large wpforms-field-required\" name=\"wpforms[fields][0]\" required><\/div><div id=\"wpforms-438-field_1-container\" class=\"wpforms-field wpforms-field-email wpforms-one-half\" data-field-id=\"1\"><label class=\"wpforms-field-label\" for=\"wpforms-438-field_1\">Email <span class=\"wpforms-required-label\">*<\/span><\/label><input type=\"email\" id=\"wpforms-438-field_1\" class=\"wpforms-field-large wpforms-field-required\" name=\"wpforms[fields][1]\" spellcheck=\"false\" required><\/div><div id=\"wpforms-438-field_2-container\" class=\"wpforms-field wpforms-field-textarea\" data-field-id=\"2\"><label class=\"wpforms-field-label\" for=\"wpforms-438-field_2\">Commentaire ou message <span class=\"wpforms-required-label\">*<\/span><\/label><textarea id=\"wpforms-438-field_2\" class=\"wpforms-field-large wpforms-field-required\" name=\"wpforms[fields][2]\" required><\/textarea><\/div><\/div><!-- .wpforms-field-container --><div class=\"wpforms-submit-container\" ><input type=\"hidden\" name=\"wpforms[id]\" value=\"438\"><input type=\"hidden\" name=\"page_title\" value=\"\"><input type=\"hidden\" name=\"page_url\" value=\"https:\/\/vvtrap.com\/index.php\/wp-json\/wp\/v2\/pages\/395\"><input type=\"hidden\" name=\"url_referer\" value=\"\"><button type=\"submit\" name=\"wpforms[submit]\" id=\"wpforms-submit-438\" class=\"wpforms-submit\" data-alt-text=\"envoi...\" data-submit-text=\"Envoyer\" aria-live=\"assertive\" value=\"wpforms-submit\">Envoyer<\/button><img decoding=\"async\" src=\"https:\/\/vvtrap.com\/wp-content\/plugins\/wpforms-lite\/assets\/images\/submit-spin.svg\" class=\"wpforms-submit-spinner\" style=\"display: none;\" width=\"26\" height=\"26\" alt=\"Chargement en cours\"><\/div><\/form><\/div>  <!-- .wpforms-container -->\t\t\t\t<\/div>\n\t\t\t\t<\/div>\n\t\t\t\t\t<\/div>\n\t\t<\/div>\n\t\t\t\t<div class=\"elementor-column elementor-col-50 elementor-top-column elementor-element elementor-element-dfa68f3\" data-id=\"dfa68f3\" data-element_type=\"column\" data-e-type=\"column\">\n\t\t\t<div class=\"elementor-widget-wrap elementor-element-populated\">\n\t\t\t\t\t\t<div class=\"elementor-element elementor-element-175f3cd elementor-widget elementor-widget-image\" data-id=\"175f3cd\" data-element_type=\"widget\" data-e-type=\"widget\" data-widget_type=\"image.default\">\n\t\t\t\t<div class=\"elementor-widget-container\">\n\t\t\t\t\t\t\t\t\t\t\t\t\t\t\t<img fetchpriority=\"high\" decoding=\"async\" width=\"1024\" height=\"535\" src=\"https:\/\/vvtrap.com\/wp-content\/uploads\/2025\/05\/localisationFURGO-1024x535.png\" class=\"attachment-large size-large wp-image-493\" alt=\"\" srcset=\"https:\/\/vvtrap.com\/wp-content\/uploads\/2025\/05\/localisationFURGO-1024x535.png 1024w, https:\/\/vvtrap.com\/wp-content\/uploads\/2025\/05\/localisationFURGO-300x157.png 300w, https:\/\/vvtrap.com\/wp-content\/uploads\/2025\/05\/localisationFURGO-768x401.png 768w, https:\/\/vvtrap.com\/wp-content\/uploads\/2025\/05\/localisationFURGO-1536x803.png 1536w, https:\/\/vvtrap.com\/wp-content\/uploads\/2025\/05\/localisationFURGO-2048x1071.png 2048w, https:\/\/vvtrap.com\/wp-content\/uploads\/2025\/05\/localisationFURGO-1140x596.png 1140w, https:\/\/vvtrap.com\/wp-content\/uploads\/2025\/05\/localisationFURGO-920x481.png 920w, https:\/\/vvtrap.com\/wp-content\/uploads\/2025\/05\/localisationFURGO-575x301.png 575w, https:\/\/vvtrap.com\/wp-content\/uploads\/2025\/05\/localisationFURGO-380x199.png 380w, https:\/\/vvtrap.com\/wp-content\/uploads\/2025\/05\/localisationFURGO-1320x690.png 1320w, https:\/\/vvtrap.com\/wp-content\/uploads\/2025\/05\/localisationFURGO-420x220.png 420w, https:\/\/vvtrap.com\/wp-content\/uploads\/2025\/05\/localisationFURGO-800x418.png 800w, https:\/\/vvtrap.com\/wp-content\/uploads\/2025\/05\/localisationFURGO-80x42.png 80w\" sizes=\"(max-width: 1024px) 100vw, 1024px\" \/>\t\t\t\t\t\t\t\t\t\t\t\t\t\t\t<\/div>\n\t\t\t\t<\/div>\n\t\t\t\t<div class=\"elementor-element elementor-element-449cc41 elementor-widget elementor-widget-heading\" data-id=\"449cc41\" data-element_type=\"widget\" data-e-type=\"widget\" data-widget_type=\"heading.default\">\n\t\t\t\t<div class=\"elementor-widget-container\">\n\t\t\t\t\t<h2 class=\"elementor-heading-title elementor-size-default\">Bureaux <\/h2>\t\t\t\t<\/div>\n\t\t\t\t<\/div>\n\t\t\t\t<div class=\"elementor-element elementor-element-87e82a1 elementor-widget elementor-widget-text-editor\" data-id=\"87e82a1\" data-element_type=\"widget\" data-e-type=\"widget\" data-widget_type=\"text-editor.default\">\n\t\t\t\t<div class=\"elementor-widget-container\">\n\t\t\t\t\t\t\t\t\t<ul><li style=\"box-sizing: inherit; color: #212121; font-family: Inter, sans-serif;\"><span style=\"letter-spacing: 0px;\">4 rue basse 34600 Faug\u00e8res\u00a0<\/span><\/li><li style=\"box-sizing: inherit; color: #212121; font-family: Inter, sans-serif;\"><span style=\"letter-spacing: 0px;\">Agrovall\u00e9e 397 rue de las sorbes 34000 Montpellier\u00a0<\/span><\/li><\/ul><p>Veuillez noter que nos locaux ne sont pas aptes \u00e0 recevoir du public.\u00a0<\/p><p style=\"box-sizing: inherit; color: #212121; font-family: Inter, sans-serif;\">E-MAIL:<br \/><span style=\"font-weight: var( --e-global-typography-text-font-weight ); letter-spacing: 0px;\">contact@furgo.fr<\/span><\/p>\t\t\t\t\t\t\t\t<\/div>\n\t\t\t\t<\/div>\n\t\t\t\t\t<\/div>\n\t\t<\/div>\n\t\t\t\t\t<\/div>\n\t\t<\/section>\n\t\t\t\t<section class=\"elementor-section elementor-top-section elementor-element elementor-element-d502af4 elementor-section-boxed elementor-section-height-default elementor-section-height-default\" data-id=\"d502af4\" data-element_type=\"section\" data-e-type=\"section\">\n\t\t\t\t\t\t<div class=\"elementor-container elementor-column-gap-default\">\n\t\t\t\t\t<div class=\"elementor-column elementor-col-100 elementor-top-column elementor-element elementor-element-4bef3e5\" data-id=\"4bef3e5\" data-element_type=\"column\" data-e-type=\"column\">\n\t\t\t<div class=\"elementor-widget-wrap elementor-element-populated\">\n\t\t\t\t\t\t<div class=\"elementor-element elementor-element-de863e8 elementor-widget elementor-widget-spacer\" data-id=\"de863e8\" data-element_type=\"widget\" data-e-type=\"widget\" data-widget_type=\"spacer.default\">\n\t\t\t\t<div class=\"elementor-widget-container\">\n\t\t\t\t\t\t\t<div class=\"elementor-spacer\">\n\t\t\t<div class=\"elementor-spacer-inner\"><\/div>\n\t\t<\/div>\n\t\t\t\t\t\t<\/div>\n\t\t\t\t<\/div>\n\t\t\t\t\t<\/div>\n\t\t<\/div>\n\t\t\t\t\t<\/div>\n\t\t<\/section>\n\t\t\t\t<\/div>\n\t\t","protected":false},"excerpt":{"rendered":"<p>Contactez-nous Contactez-nous Veuillez activer JavaScript dans votre navigateur pour remplir ce formulaire.Nom *Email *Commentaire ou message * Envoyer Bureaux 4 rue basse 34600 Faug\u00e8res\u00a0 Agrovall\u00e9e 397 rue de las sorbes [&hellip;]<\/p>\n","protected":false},"author":1,"featured_media":0,"parent":0,"menu_order":0,"comment_status":"closed","ping_status":"closed","template":"elementor_header_footer","meta":{"footnotes":""},"class_list":["post-395","page","type-page","status-publish","hentry"],"yoast_head":"<!-- This site is optimized with the Yoast SEO plugin v27.4 - https:\/\/yoast.com\/product\/yoast-seo-wordpress\/ -->\n<title>Contact Us - VVTrap<\/title>\n<meta name=\"robots\" content=\"index, follow, max-snippet:-1, max-image-preview:large, max-video-preview:-1\" \/>\n<link rel=\"canonical\" href=\"https:\/\/vvtrap.com\/index.php\/contact-us\/\" \/>\n<meta property=\"og:locale\" content=\"fr_FR\" \/>\n<meta property=\"og:type\" content=\"article\" \/>\n<meta property=\"og:title\" content=\"Contact Us - VVTrap\" \/>\n<meta property=\"og:description\" content=\"Contactez-nous Contactez-nous Veuillez activer JavaScript dans votre navigateur pour remplir ce formulaire.Nom *Email *Commentaire ou message * Envoyer Bureaux 4 rue basse 34600 Faug\u00e8res\u00a0 Agrovall\u00e9e 397 rue de las sorbes [&hellip;]\" \/>\n<meta property=\"og:url\" content=\"https:\/\/vvtrap.com\/index.php\/contact-us\/\" \/>\n<meta property=\"og:site_name\" content=\"VVTrap\" \/>\n<meta property=\"article:publisher\" content=\"https:\/\/www.facebook.com\/profile.php?id=100088576457929\" \/>\n<meta property=\"article:modified_time\" content=\"2025-05-07T14:45:12+00:00\" \/>\n<meta property=\"og:image\" content=\"https:\/\/vvtrap.com\/wp-content\/plugins\/wpforms-lite\/assets\/images\/submit-spin.svg\" \/>\n<meta name=\"twitter:card\" content=\"summary_large_image\" \/>\n<meta name=\"twitter:label1\" content=\"Dur\u00e9e de lecture estim\u00e9e\" \/>\n\t<meta name=\"twitter:data1\" content=\"1 minute\" \/>\n<script type=\"application\/ld+json\" class=\"yoast-schema-graph\">{\"@context\":\"https:\\\/\\\/schema.org\",\"@graph\":[{\"@type\":\"WebPage\",\"@id\":\"https:\\\/\\\/vvtrap.com\\\/index.php\\\/contact-us\\\/\",\"url\":\"https:\\\/\\\/vvtrap.com\\\/index.php\\\/contact-us\\\/\",\"name\":\"Contact Us - VVTrap\",\"isPartOf\":{\"@id\":\"https:\\\/\\\/vvtrap.com\\\/#website\"},\"primaryImageOfPage\":{\"@id\":\"https:\\\/\\\/vvtrap.com\\\/index.php\\\/contact-us\\\/#primaryimage\"},\"image\":{\"@id\":\"https:\\\/\\\/vvtrap.com\\\/index.php\\\/contact-us\\\/#primaryimage\"},\"thumbnailUrl\":\"https:\\\/\\\/vvtrap.com\\\/wp-content\\\/plugins\\\/wpforms-lite\\\/assets\\\/images\\\/submit-spin.svg\",\"datePublished\":\"2022-10-19T13:58:34+00:00\",\"dateModified\":\"2025-05-07T14:45:12+00:00\",\"breadcrumb\":{\"@id\":\"https:\\\/\\\/vvtrap.com\\\/index.php\\\/contact-us\\\/#breadcrumb\"},\"inLanguage\":\"fr-FR\",\"potentialAction\":[{\"@type\":\"ReadAction\",\"target\":[\"https:\\\/\\\/vvtrap.com\\\/index.php\\\/contact-us\\\/\"]}]},{\"@type\":\"ImageObject\",\"inLanguage\":\"fr-FR\",\"@id\":\"https:\\\/\\\/vvtrap.com\\\/index.php\\\/contact-us\\\/#primaryimage\",\"url\":\"https:\\\/\\\/vvtrap.com\\\/wp-content\\\/plugins\\\/wpforms-lite\\\/assets\\\/images\\\/submit-spin.svg\",\"contentUrl\":\"https:\\\/\\\/vvtrap.com\\\/wp-content\\\/plugins\\\/wpforms-lite\\\/assets\\\/images\\\/submit-spin.svg\"},{\"@type\":\"BreadcrumbList\",\"@id\":\"https:\\\/\\\/vvtrap.com\\\/index.php\\\/contact-us\\\/#breadcrumb\",\"itemListElement\":[{\"@type\":\"ListItem\",\"position\":1,\"name\":\"Accueil\",\"item\":\"https:\\\/\\\/vvtrap.com\\\/\"},{\"@type\":\"ListItem\",\"position\":2,\"name\":\"Contact Us\"}]},{\"@type\":\"WebSite\",\"@id\":\"https:\\\/\\\/vvtrap.com\\\/#website\",\"url\":\"https:\\\/\\\/vvtrap.com\\\/\",\"name\":\"VVTrap\",\"description\":\"pi\u00e8ges \u00e0 frelons s\u00e9lectifs\",\"publisher\":{\"@id\":\"https:\\\/\\\/vvtrap.com\\\/#organization\"},\"potentialAction\":[{\"@type\":\"SearchAction\",\"target\":{\"@type\":\"EntryPoint\",\"urlTemplate\":\"https:\\\/\\\/vvtrap.com\\\/?s={search_term_string}\"},\"query-input\":{\"@type\":\"PropertyValueSpecification\",\"valueRequired\":true,\"valueName\":\"search_term_string\"}}],\"inLanguage\":\"fr-FR\"},{\"@type\":\"Organization\",\"@id\":\"https:\\\/\\\/vvtrap.com\\\/#organization\",\"name\":\"VVTrap\",\"url\":\"https:\\\/\\\/vvtrap.com\\\/\",\"logo\":{\"@type\":\"ImageObject\",\"inLanguage\":\"fr-FR\",\"@id\":\"https:\\\/\\\/vvtrap.com\\\/#\\\/schema\\\/logo\\\/image\\\/\",\"url\":\"https:\\\/\\\/vvtrap.com\\\/wp-content\\\/uploads\\\/2025\\\/05\\\/LogoFull-scaled.png\",\"contentUrl\":\"https:\\\/\\\/vvtrap.com\\\/wp-content\\\/uploads\\\/2025\\\/05\\\/LogoFull-scaled.png\",\"width\":2560,\"height\":864,\"caption\":\"VVTrap\"},\"image\":{\"@id\":\"https:\\\/\\\/vvtrap.com\\\/#\\\/schema\\\/logo\\\/image\\\/\"},\"sameAs\":[\"https:\\\/\\\/www.facebook.com\\\/profile.php?id=100088576457929\",\"https:\\\/\\\/www.instagram.com\\\/vvtrap\\\/\"]}]}<\/script>\n<!-- \/ Yoast SEO plugin. -->","yoast_head_json":{"title":"Contact Us - VVTrap","robots":{"index":"index","follow":"follow","max-snippet":"max-snippet:-1","max-image-preview":"max-image-preview:large","max-video-preview":"max-video-preview:-1"},"canonical":"https:\/\/vvtrap.com\/index.php\/contact-us\/","og_locale":"fr_FR","og_type":"article","og_title":"Contact Us - VVTrap","og_description":"Contactez-nous Contactez-nous Veuillez activer JavaScript dans votre navigateur pour remplir ce formulaire.Nom *Email *Commentaire ou message * Envoyer Bureaux 4 rue basse 34600 Faug\u00e8res\u00a0 Agrovall\u00e9e 397 rue de las sorbes [&hellip;]","og_url":"https:\/\/vvtrap.com\/index.php\/contact-us\/","og_site_name":"VVTrap","article_publisher":"https:\/\/www.facebook.com\/profile.php?id=100088576457929","article_modified_time":"2025-05-07T14:45:12+00:00","og_image":[{"url":"https:\/\/vvtrap.com\/wp-content\/plugins\/wpforms-lite\/assets\/images\/submit-spin.svg","type":"","width":"","height":""}],"twitter_card":"summary_large_image","twitter_misc":{"Dur\u00e9e de lecture estim\u00e9e":"1 minute"},"schema":{"@context":"https:\/\/schema.org","@graph":[{"@type":"WebPage","@id":"https:\/\/vvtrap.com\/index.php\/contact-us\/","url":"https:\/\/vvtrap.com\/index.php\/contact-us\/","name":"Contact Us - VVTrap","isPartOf":{"@id":"https:\/\/vvtrap.com\/#website"},"primaryImageOfPage":{"@id":"https:\/\/vvtrap.com\/index.php\/contact-us\/#primaryimage"},"image":{"@id":"https:\/\/vvtrap.com\/index.php\/contact-us\/#primaryimage"},"thumbnailUrl":"https:\/\/vvtrap.com\/wp-content\/plugins\/wpforms-lite\/assets\/images\/submit-spin.svg","datePublished":"2022-10-19T13:58:34+00:00","dateModified":"2025-05-07T14:45:12+00:00","breadcrumb":{"@id":"https:\/\/vvtrap.com\/index.php\/contact-us\/#breadcrumb"},"inLanguage":"fr-FR","potentialAction":[{"@type":"ReadAction","target":["https:\/\/vvtrap.com\/index.php\/contact-us\/"]}]},{"@type":"ImageObject","inLanguage":"fr-FR","@id":"https:\/\/vvtrap.com\/index.php\/contact-us\/#primaryimage","url":"https:\/\/vvtrap.com\/wp-content\/plugins\/wpforms-lite\/assets\/images\/submit-spin.svg","contentUrl":"https:\/\/vvtrap.com\/wp-content\/plugins\/wpforms-lite\/assets\/images\/submit-spin.svg"},{"@type":"BreadcrumbList","@id":"https:\/\/vvtrap.com\/index.php\/contact-us\/#breadcrumb","itemListElement":[{"@type":"ListItem","position":1,"name":"Accueil","item":"https:\/\/vvtrap.com\/"},{"@type":"ListItem","position":2,"name":"Contact Us"}]},{"@type":"WebSite","@id":"https:\/\/vvtrap.com\/#website","url":"https:\/\/vvtrap.com\/","name":"VVTrap","description":"pi\u00e8ges \u00e0 frelons s\u00e9lectifs","publisher":{"@id":"https:\/\/vvtrap.com\/#organization"},"potentialAction":[{"@type":"SearchAction","target":{"@type":"EntryPoint","urlTemplate":"https:\/\/vvtrap.com\/?s={search_term_string}"},"query-input":{"@type":"PropertyValueSpecification","valueRequired":true,"valueName":"search_term_string"}}],"inLanguage":"fr-FR"},{"@type":"Organization","@id":"https:\/\/vvtrap.com\/#organization","name":"VVTrap","url":"https:\/\/vvtrap.com\/","logo":{"@type":"ImageObject","inLanguage":"fr-FR","@id":"https:\/\/vvtrap.com\/#\/schema\/logo\/image\/","url":"https:\/\/vvtrap.com\/wp-content\/uploads\/2025\/05\/LogoFull-scaled.png","contentUrl":"https:\/\/vvtrap.com\/wp-content\/uploads\/2025\/05\/LogoFull-scaled.png","width":2560,"height":864,"caption":"VVTrap"},"image":{"@id":"https:\/\/vvtrap.com\/#\/schema\/logo\/image\/"},"sameAs":["https:\/\/www.facebook.com\/profile.php?id=100088576457929","https:\/\/www.instagram.com\/vvtrap\/"]}]}},"jetpack_sharing_enabled":true,"_links":{"self":[{"href":"https:\/\/vvtrap.com\/index.php\/wp-json\/wp\/v2\/pages\/395","targetHints":{"allow":["GET"]}}],"collection":[{"href":"https:\/\/vvtrap.com\/index.php\/wp-json\/wp\/v2\/pages"}],"about":[{"href":"https:\/\/vvtrap.com\/index.php\/wp-json\/wp\/v2\/types\/page"}],"author":[{"embeddable":true,"href":"https:\/\/vvtrap.com\/index.php\/wp-json\/wp\/v2\/users\/1"}],"replies":[{"embeddable":true,"href":"https:\/\/vvtrap.com\/index.php\/wp-json\/wp\/v2\/comments?post=395"}],"version-history":[{"count":9,"href":"https:\/\/vvtrap.com\/index.php\/wp-json\/wp\/v2\/pages\/395\/revisions"}],"predecessor-version":[{"id":507,"href":"https:\/\/vvtrap.com\/index.php\/wp-json\/wp\/v2\/pages\/395\/revisions\/507"}],"wp:attachment":[{"href":"https:\/\/vvtrap.com\/index.php\/wp-json\/wp\/v2\/media?parent=395"}],"curies":[{"name":"wp","href":"https:\/\/api.w.org\/{rel}","templated":true}]}}